{"id":3,"date":"2025-05-12T11:05:11","date_gmt":"2025-05-12T11:05:11","guid":{"rendered":"http:\/\/localhost:8084\/?page_id=3"},"modified":"2025-07-02T07:36:18","modified_gmt":"2025-07-02T07:36:18","slug":"politika-privatnosti","status":"publish","type":"page","link":"https:\/\/premium.education\/rs\/politika-privatnosti\/","title":{"rendered":"Politika privatnosti"},"content":{"rendered":"\n<h2 class=\"wp-block-heading\"><strong>Za\u0161tita privatnosti korisnika<\/strong><\/h2>\n\n\n\n<p>U ime Privrednog dru\u0161tva Akademija Oxford &#8211; Agent d.o.o., obavezujemo se da \u0107emo \u010duvati privatnost svih na\u0161ih kupaca. Prikupljamo samo neophodne, osnovne podatke o korisnicima i podatke neophodne za poslovanje i informisanje korisnika u skladu sa dobrim poslovnim obi\u010dajima, kao i u cilju pru\u017eanja kvalitetne usluge.<\/p>\n\n\n\n<p>Dajemo korisnicima mogu\u0107nost izbora uklju\u010duju\u0107i mogu\u0107nost odluke da li \u017eele ili ne da se izbri\u0161u sa mailing lista koje se koriste za marketin\u0161ke kampanje. Svi podaci o korisnicima se strogo \u010duvaju i dostupni su samo zaposlenima kojima su ti podaci nu\u017eni za obavljanje posla. Svi zaposleni Akademije Oxford &#8211; Agent d.o.o. odgovorni su za po\u0161tovanje na\u010dela za\u0161tite privatnosti.<\/p>\n\n\n\n<p><strong>Za\u0161tita poverljivih podataka o transakciji<\/strong><\/p>\n\n\n\n<p>Prilikom uno\u0161enja podataka o platnoj kartici, poverljive informacija se prenose putem javne mre\u017ee u za\u0161ti\u0107enoj (kriptovanoj) formi upotrebom SSL protokola i PKI sistema, kao trenutno najsavremenije kriptografske tehnologije. Sigurnost podataka prilikom kupovine, garantuje procesor platnih kartica, Banca Intesa ad Beograd, pa se tako kompletni proces naplate obavlja na stranicama banke. Niti jednog trenutka podaci o platnoj kartici nisu dostupni na\u0161em sistemu.<\/p>\n\n\n\n<p><strong>Poverljivost podataka<\/strong><\/p>\n\n\n\n<p><strong>Za\u0161tita podataka korisnika i sigurnost pla\u0107anja<\/strong><\/p>\n\n\n\n<p><strong>Akademija Oxford Agent DOO se obavezuje da od Korisnika ne\u0107e zahtevati niti arhivirati u bilo kojoj elektronskoj formi podatke vezane za platnu karticu kojom se transakcija realizuje, uklju\u010duju\u0107i, ali ne ograni\u010davaju\u0107i se na broj kartice, datum isteka, CVC2 i CVV broj.<\/strong><\/p>\n","protected":false},"excerpt":{"rendered":"<p>Za\u0161tita privatnosti korisnika U ime Privrednog dru\u0161tva Akademija Oxford &#8211; Agent d.o.o., obavezujemo se da \u0107emo \u010duvati privatnost svih na\u0161ih kupaca. Prikupljamo samo neophodne, osnovne podatke o korisnicima i podatke neophodne za poslovanje i informisanje korisnika u skladu sa dobrim poslovnim obi\u010dajima, kao i u cilju pru\u017eanja kvalitetne usluge. Dajemo korisnicima mogu\u0107nost izbora uklju\u010duju\u0107i mogu\u0107nost [&hellip;]<\/p>\n","protected":false},"author":1,"featured_media":0,"parent":0,"menu_order":0,"comment_status":"closed","ping_status":"open","template":"about-us.php","meta":{"_acf_changed":false,"inline_featured_image":false,"footnotes":""},"class_list":["post-3","page","type-page","status-publish","hentry"],"acf":[],"yoast_head":"<!-- This site is optimized with the Yoast SEO plugin v26.0 - https:\/\/yoast.com\/wordpress\/plugins\/seo\/ -->\n<title>Premium Education<\/title>\n<meta name=\"robots\" content=\"index, follow, max-snippet:-1, max-image-preview:large, max-video-preview:-1\" \/>\n<link rel=\"canonical\" href=\"https:\/\/premium.education\/rs\/politika-privatnosti\/\" \/>\n<meta property=\"og:locale\" content=\"sr_RS\" \/>\n<meta property=\"og:type\" content=\"article\" \/>\n<meta property=\"og:title\" content=\"Politika privatnosti - Premium Education\" \/>\n<meta property=\"og:description\" content=\"Za\u0161tita privatnosti korisnika U ime Privrednog dru\u0161tva Akademija Oxford &#8211; Agent d.o.o., obavezujemo se da \u0107emo \u010duvati privatnost svih na\u0161ih kupaca. Prikupljamo samo neophodne, osnovne podatke o korisnicima i podatke neophodne za poslovanje i informisanje korisnika u skladu sa dobrim poslovnim obi\u010dajima, kao i u cilju pru\u017eanja kvalitetne usluge. Dajemo korisnicima mogu\u0107nost izbora uklju\u010duju\u0107i mogu\u0107nost [&hellip;]\" \/>\n<meta property=\"og:url\" content=\"https:\/\/premium.education\/rs\/politika-privatnosti\/\" \/>\n<meta property=\"og:site_name\" content=\"Premium Education\" \/>\n<meta property=\"article:publisher\" content=\"https:\/\/www.facebook.com\/Premium.Education.AO\" \/>\n<meta property=\"article:modified_time\" content=\"2025-07-02T07:36:18+00:00\" \/>\n<meta property=\"og:image\" content=\"https:\/\/premium.education\/rs\/wp-content\/uploads\/2025\/07\/share.png\" \/>\n\t<meta property=\"og:image:width\" content=\"2376\" \/>\n\t<meta property=\"og:image:height\" content=\"952\" \/>\n\t<meta property=\"og:image:type\" content=\"image\/png\" \/>\n<meta name=\"twitter:card\" content=\"summary_large_image\" \/>\n<meta name=\"twitter:label1\" content=\"Procenjeno vreme \u010ditanja\" \/>\n\t<meta name=\"twitter:data1\" content=\"1 minut\" \/>\n<script type=\"application\/ld+json\" class=\"yoast-schema-graph\">{\"@context\":\"https:\/\/schema.org\",\"@graph\":[{\"@type\":\"WebPage\",\"@id\":\"https:\/\/premium.education\/rs\/politika-privatnosti\/\",\"url\":\"https:\/\/premium.education\/rs\/politika-privatnosti\/\",\"name\":\"Politika privatnosti - Premium Education\",\"isPartOf\":{\"@id\":\"https:\/\/premium.education\/rs\/#website\"},\"datePublished\":\"2025-05-12T11:05:11+00:00\",\"dateModified\":\"2025-07-02T07:36:18+00:00\",\"breadcrumb\":{\"@id\":\"https:\/\/premium.education\/rs\/politika-privatnosti\/#breadcrumb\"},\"inLanguage\":\"sr-RS\",\"potentialAction\":[{\"@type\":\"ReadAction\",\"target\":[\"https:\/\/premium.education\/rs\/politika-privatnosti\/\"]}]},{\"@type\":\"BreadcrumbList\",\"@id\":\"https:\/\/premium.education\/rs\/politika-privatnosti\/#breadcrumb\",\"itemListElement\":[{\"@type\":\"ListItem\",\"position\":1,\"name\":\"Po\u010detna\",\"item\":\"https:\/\/premium.education\/rs\/\"},{\"@type\":\"ListItem\",\"position\":2,\"name\":\"Politika privatnosti\"}]},{\"@type\":\"WebSite\",\"@id\":\"https:\/\/premium.education\/rs\/#website\",\"url\":\"https:\/\/premium.education\/rs\/\",\"name\":\"Premium Education\",\"description\":\"\",\"publisher\":{\"@id\":\"https:\/\/premium.education\/rs\/#organization\"},\"potentialAction\":[{\"@type\":\"SearchAction\",\"target\":{\"@type\":\"EntryPoint\",\"urlTemplate\":\"https:\/\/premium.education\/rs\/?s={search_term_string}\"},\"query-input\":{\"@type\":\"PropertyValueSpecification\",\"valueRequired\":true,\"valueName\":\"search_term_string\"}}],\"inLanguage\":\"sr-RS\"},{\"@type\":\"Organization\",\"@id\":\"https:\/\/premium.education\/rs\/#organization\",\"name\":\"Premium Education\",\"url\":\"https:\/\/premium.education\/rs\/\",\"logo\":{\"@type\":\"ImageObject\",\"inLanguage\":\"sr-RS\",\"@id\":\"https:\/\/premium.education\/rs\/#\/schema\/logo\/image\/\",\"url\":\"https:\/\/premium.education\/rs\/wp-content\/uploads\/2025\/07\/PremiumLogoArt2.png\",\"contentUrl\":\"https:\/\/premium.education\/rs\/wp-content\/uploads\/2025\/07\/PremiumLogoArt2.png\",\"width\":1024,\"height\":1024,\"caption\":\"Premium Education\"},\"image\":{\"@id\":\"https:\/\/premium.education\/rs\/#\/schema\/logo\/image\/\"},\"sameAs\":[\"https:\/\/www.facebook.com\/Premium.Education.AO\"]}]}<\/script>\n<!-- \/ Yoast SEO plugin. -->","yoast_head_json":{"title":"Premium Education","robots":{"index":"index","follow":"follow","max-snippet":"max-snippet:-1","max-image-preview":"max-image-preview:large","max-video-preview":"max-video-preview:-1"},"canonical":"https:\/\/premium.education\/rs\/politika-privatnosti\/","og_locale":"sr_RS","og_type":"article","og_title":"Politika privatnosti - Premium Education","og_description":"Za\u0161tita privatnosti korisnika U ime Privrednog dru\u0161tva Akademija Oxford &#8211; Agent d.o.o., obavezujemo se da \u0107emo \u010duvati privatnost svih na\u0161ih kupaca. Prikupljamo samo neophodne, osnovne podatke o korisnicima i podatke neophodne za poslovanje i informisanje korisnika u skladu sa dobrim poslovnim obi\u010dajima, kao i u cilju pru\u017eanja kvalitetne usluge. Dajemo korisnicima mogu\u0107nost izbora uklju\u010duju\u0107i mogu\u0107nost [&hellip;]","og_url":"https:\/\/premium.education\/rs\/politika-privatnosti\/","og_site_name":"Premium Education","article_publisher":"https:\/\/www.facebook.com\/Premium.Education.AO","article_modified_time":"2025-07-02T07:36:18+00:00","og_image":[{"width":2376,"height":952,"url":"https:\/\/premium.education\/rs\/wp-content\/uploads\/2025\/07\/share.png","type":"image\/png"}],"twitter_card":"summary_large_image","twitter_misc":{"Procenjeno vreme \u010ditanja":"1 minut"},"schema":{"@context":"https:\/\/schema.org","@graph":[{"@type":"WebPage","@id":"https:\/\/premium.education\/rs\/politika-privatnosti\/","url":"https:\/\/premium.education\/rs\/politika-privatnosti\/","name":"Politika privatnosti - Premium Education","isPartOf":{"@id":"https:\/\/premium.education\/rs\/#website"},"datePublished":"2025-05-12T11:05:11+00:00","dateModified":"2025-07-02T07:36:18+00:00","breadcrumb":{"@id":"https:\/\/premium.education\/rs\/politika-privatnosti\/#breadcrumb"},"inLanguage":"sr-RS","potentialAction":[{"@type":"ReadAction","target":["https:\/\/premium.education\/rs\/politika-privatnosti\/"]}]},{"@type":"BreadcrumbList","@id":"https:\/\/premium.education\/rs\/politika-privatnosti\/#breadcrumb","itemListElement":[{"@type":"ListItem","position":1,"name":"Po\u010detna","item":"https:\/\/premium.education\/rs\/"},{"@type":"ListItem","position":2,"name":"Politika privatnosti"}]},{"@type":"WebSite","@id":"https:\/\/premium.education\/rs\/#website","url":"https:\/\/premium.education\/rs\/","name":"Premium Education","description":"","publisher":{"@id":"https:\/\/premium.education\/rs\/#organization"},"potentialAction":[{"@type":"SearchAction","target":{"@type":"EntryPoint","urlTemplate":"https:\/\/premium.education\/rs\/?s={search_term_string}"},"query-input":{"@type":"PropertyValueSpecification","valueRequired":true,"valueName":"search_term_string"}}],"inLanguage":"sr-RS"},{"@type":"Organization","@id":"https:\/\/premium.education\/rs\/#organization","name":"Premium Education","url":"https:\/\/premium.education\/rs\/","logo":{"@type":"ImageObject","inLanguage":"sr-RS","@id":"https:\/\/premium.education\/rs\/#\/schema\/logo\/image\/","url":"https:\/\/premium.education\/rs\/wp-content\/uploads\/2025\/07\/PremiumLogoArt2.png","contentUrl":"https:\/\/premium.education\/rs\/wp-content\/uploads\/2025\/07\/PremiumLogoArt2.png","width":1024,"height":1024,"caption":"Premium Education"},"image":{"@id":"https:\/\/premium.education\/rs\/#\/schema\/logo\/image\/"},"sameAs":["https:\/\/www.facebook.com\/Premium.Education.AO"]}]}},"_links":{"self":[{"href":"https:\/\/premium.education\/rs\/wp-json\/wp\/v2\/pages\/3","targetHints":{"allow":["GET"]}}],"collection":[{"href":"https:\/\/premium.education\/rs\/wp-json\/wp\/v2\/pages"}],"about":[{"href":"https:\/\/premium.education\/rs\/wp-json\/wp\/v2\/types\/page"}],"author":[{"embeddable":true,"href":"https:\/\/premium.education\/rs\/wp-json\/wp\/v2\/users\/1"}],"replies":[{"embeddable":true,"href":"https:\/\/premium.education\/rs\/wp-json\/wp\/v2\/comments?post=3"}],"version-history":[{"count":0,"href":"https:\/\/premium.education\/rs\/wp-json\/wp\/v2\/pages\/3\/revisions"}],"wp:attachment":[{"href":"https:\/\/premium.education\/rs\/wp-json\/wp\/v2\/media?parent=3"}],"curies":[{"name":"wp","href":"https:\/\/api.w.org\/{rel}","templated":true}]}}