{"id":70,"date":"2025-05-14T19:06:30","date_gmt":"2025-05-14T19:06:30","guid":{"rendered":"http:\/\/localhost:8084\/?page_id=70"},"modified":"2025-05-14T19:12:24","modified_gmt":"2025-05-14T19:12:24","slug":"o-nama","status":"publish","type":"page","link":"https:\/\/premium.education\/rs\/o-nama\/","title":{"rendered":"O nama"},"content":{"rendered":"<p>Budu\u0107i da je po\u010dev od 2008. godine Akademija Oxford kontinuirano prisutna u oblasti neformalnog obrazovanja, to je danas prepoznata kao svojevrstan lider, koji se mo\u017ee pohvaliti izuzetno velikim brojem kurseva iz razli\u010ditih oblasti. Kao prirodan sled kontinuiranog rasta i razvoja, kreirana je platforma Akademija Oxford PREMIUM, koja ima za cilj da mnoge zanimljive edukacije u\u010dini dostupnim svima.<\/p>\n<p>Kontinuirano u\u010denje je ulaganje u budu\u0107nost. Sada je to i mnogo jednostavnije, jer <b>kursevi i obuke<\/b> koje u ponudi ima Akademija Oxford PREMIUM mogu da budu poha\u0111ani u bilo koje doba n esamo dana, nego i no\u0107i, a sa bilo koje lokacije. Dovoljno je samo da polaznik poseduje ra\u010dunar i stabilnu internet konekciju, te da izabere onlajn kurs koji ga zanima.<\/p>\n<p>Posebno smo vodili ra\u010duna o temama edukacija, ali i o predava\u010dima. U pitanju su vrhunski znalci svog zanata i stru\u010dnjaci u konkretnim oblastima, \u0161to omogu\u0107uje polaznicima da zaista u\u010de od najboljih.<\/p>\n<p>Na\u0161 cilj je da dodatno obrazovanje u\u010dinimo dostupnim svima, \u0161to dokazuju i <b>PREMIUM kursevi<\/b>. Samo nekoliko klikova deli vas od upoznavanja razli\u010ditih tema. Kursevi ra\u010dunara, kao i kursevi stranih jezika, ali i edukacije u oblasti marketinga, menad\u017ementa i preduzetni\u0161tva, samo su manji deo celokupne ponude, u okviru koje svako mo\u017ee prona\u0107i kurs po svojoj meri.<\/p>\n<p><b>NA\u0160A MISIJA<\/b><\/p>\n<p>Uz inovativnost i kvalitet, <b>PREMIUM<\/b> je platforma koja je svim zainteresovanima dostupna i prili\u010dno jednostavna za kori\u0161\u0107enje.<\/p>\n<p>U\u010denje na daljinu, iz udobnosti sopstvenog doma ili sa bilo koje lokacije, danas je sve popularnije, jer nudi zna\u010dajne benefite. U\u0161teda vremena, fleksibilnost i pristupa\u010dnost su samo neki od njih.<\/p>\n<p>Svi <b>kursevi PREMIUM platforme<\/b> su pa\u017eljivo osmi\u0161ljeni od strane vrhunskih stru\u010dnjaka. Jednostavni su za pra\u0107enje i omogu\u0107uju zainteresovanima da na najjednostavniji mogu\u0107i na\u010din razumeju tematiku.<\/p>\n<p>Nakon uspe\u0161no zavr\u0161enog kursa, kandidati mogu pristupiti testiranju, \u0161to je jo\u0161 jedan korak ka dobijanju sertifikata, koji je na teritoriji na\u0161e zemlje zvani\u010dno priznat, budu\u0107i da ga izdaje <b>Akademija Oxford<\/b>, koja je po\u010dev od 2008. godine prisutna u oblasti neformalnog obrazovanja.<\/p>\n<p>Misija Akademije Oxford je usmerena na to da kvalitetne edukacije u\u010dini pristupa\u010dnim svima, bez obzira na njihov pol, nacionalnu i versku pripadnost, seksualnu orjentaciju ili uzrast. A u slu\u010daju PREMIUM platforme i bez obzira na lokaciju, budu\u0107i da su <b>kursevi dostupni svima<\/b>, ma gde se nalazili. Dovoljan je samo kompjuter, odnosno mobilni ure\u0111aj i kvalitetna internet konekcija &#8211; odaberite kurs i u\u017eivajte u u\u010denju ne\u010deg novog! Pristup kursevima je omogu\u0107en u bilo kom trenutku, neograni\u010den broj puta u roku od \u0161est meseci od momenta aktivacije.<\/p>\n<p>PREMIUM kursevi su osmi\u0161ljeni tako da uz teorijska znanja, polaznicima pru\u017ee i prakti\u010dne informacije o konkretnoj temi, \u0161to \u0107e im omogu\u0107iti i da brzo i lako ste\u010dena znanja primenjuju sa uspehom u praksi. <\/p>\n<p><b>NA\u0160A VIZIJA<\/b><\/p>\n<p>Kontinuiranim razvojem, Akademija Oxford je postala lider u oblasti neformalnog obrazovanja. <b>PREMIUM kursevi<\/b> su kruna tog uspeha.<\/p>\n<p>Vizija kompanije je usmerena na to da zanimljive edukacije u\u010dini dostupnim svima, kroz onlajn kurseve. Kvalitet, inovativnost i zadovoljstvo polaznika su nam najzna\u010dajniji. Uz to, <b>PREMIUM platforma<\/b> se lako koristi, \u0161to je \u010dini pogodnom za polaznike svih uzrasta.<\/p>\n<p>Danas mnogi imaju manjak slobodnog vremena, pa su se <b>online kursevi<\/b> nametnuli kao idealna opcija. Ne samo da se mogu poha\u0111ati sa bilo koje lokacije, ve\u0107 i u toku \u0161est meseci od momenta aktivacije, u bilo koje doba dana, ali i no\u0107i kandidati imaju mogu\u0107nost da pristupaju izabranom kursu. Uz to, budu\u0107i da je <b>Akademija Oxford<\/b> institucija koja poseduje propisana ovla\u0161\u0107enja, to \u0107e zainteresovani imati mogu\u0107nost i da pristupe testiranju po zavr\u0161etku odabranog kursa, a kako bi ispunili uslov za sticanje sertifikata. Dodatna prednost je i ta \u0161to je u cenu ura\u010dunato ne samo poha\u0111anje edukacije, nego i jedno polaganje, dok se izrada sertifikata simboli\u010dno napla\u0107uje. Podse\u0107anja radi, u pitanju su <b>sertifikati koji su na teritoriji na\u0161e zemlje priznati<\/b> i smatraju se relevatnim dokazima. Samim tim mogu biti upisani u radne dosije kandidata, koji su prijavljeni na evidenciju Nacionalne slu\u017ebe za zapo\u0161ljavanje, te tako\u0111e mogu biti navedeni i u radnoj biografiji ( CV ) svakog kandidata, \u0161to \u0107e potencijalnim poslodavcima biti jasan znak da je u pitanju osoba koja i te kako vodi ra\u010duna o svom obrazovanju i nastoji da stekne dodatna znanja i ve\u0161tine, a \u0161to je svakako zna\u010dajno i potencijalnom poslodavcu.<\/p>\n<p>\u017delja nam je da svako prona\u0111e kurs koji mu odgovara, te da tako ostvari svoj puni potencijal u oblasti obrazovanja. &nbsp;<\/p>\n","protected":false},"excerpt":{"rendered":"<p>Budu\u0107i da je po\u010dev od 2008. godine Akademija Oxford kontinuirano prisutna u oblasti neformalnog obrazovanja, to je danas prepoznata kao svojevrstan lider, koji se mo\u017ee pohvaliti izuzetno velikim brojem kurseva iz razli\u010ditih oblasti. Kao prirodan sled kontinuiranog rasta i razvoja, kreirana je platforma Akademija Oxford PREMIUM, koja ima za cilj da mnoge zanimljive edukacije u\u010dini [&hellip;]<\/p>\n","protected":false},"author":1,"featured_media":0,"parent":0,"menu_order":0,"comment_status":"closed","ping_status":"closed","template":"about-us.php","meta":{"_acf_changed":false,"inline_featured_image":false,"footnotes":""},"class_list":["post-70","page","type-page","status-publish","hentry"],"acf":[],"yoast_head":"<!-- This site is optimized with the Yoast SEO plugin v26.0 - https:\/\/yoast.com\/wordpress\/plugins\/seo\/ -->\n<title>Premium Education<\/title>\n<meta name=\"robots\" content=\"index, follow, max-snippet:-1, max-image-preview:large, max-video-preview:-1\" \/>\n<link rel=\"canonical\" href=\"https:\/\/premium.education\/rs\/o-nama\/\" \/>\n<meta property=\"og:locale\" content=\"sr_RS\" \/>\n<meta property=\"og:type\" content=\"article\" \/>\n<meta property=\"og:title\" content=\"O nama - Premium Education\" \/>\n<meta property=\"og:description\" content=\"Budu\u0107i da je po\u010dev od 2008. godine Akademija Oxford kontinuirano prisutna u oblasti neformalnog obrazovanja, to je danas prepoznata kao svojevrstan lider, koji se mo\u017ee pohvaliti izuzetno velikim brojem kurseva iz razli\u010ditih oblasti. Kao prirodan sled kontinuiranog rasta i razvoja, kreirana je platforma Akademija Oxford PREMIUM, koja ima za cilj da mnoge zanimljive edukacije u\u010dini [&hellip;]\" \/>\n<meta property=\"og:url\" content=\"https:\/\/premium.education\/rs\/o-nama\/\" \/>\n<meta property=\"og:site_name\" content=\"Premium Education\" \/>\n<meta property=\"article:publisher\" content=\"https:\/\/www.facebook.com\/Premium.Education.AO\" \/>\n<meta property=\"article:modified_time\" content=\"2025-05-14T19:12:24+00:00\" \/>\n<meta property=\"og:image\" content=\"https:\/\/premium.education\/rs\/wp-content\/uploads\/2025\/07\/share.png\" \/>\n\t<meta property=\"og:image:width\" content=\"2376\" \/>\n\t<meta property=\"og:image:height\" content=\"952\" \/>\n\t<meta property=\"og:image:type\" content=\"image\/png\" \/>\n<meta name=\"twitter:card\" content=\"summary_large_image\" \/>\n<meta name=\"twitter:label1\" content=\"Procenjeno vreme \u010ditanja\" \/>\n\t<meta name=\"twitter:data1\" content=\"4 minuta\" \/>\n<script type=\"application\/ld+json\" class=\"yoast-schema-graph\">{\"@context\":\"https:\/\/schema.org\",\"@graph\":[{\"@type\":\"WebPage\",\"@id\":\"https:\/\/premium.education\/rs\/o-nama\/\",\"url\":\"https:\/\/premium.education\/rs\/o-nama\/\",\"name\":\"O nama - Premium Education\",\"isPartOf\":{\"@id\":\"https:\/\/premium.education\/rs\/#website\"},\"datePublished\":\"2025-05-14T19:06:30+00:00\",\"dateModified\":\"2025-05-14T19:12:24+00:00\",\"breadcrumb\":{\"@id\":\"https:\/\/premium.education\/rs\/o-nama\/#breadcrumb\"},\"inLanguage\":\"sr-RS\",\"potentialAction\":[{\"@type\":\"ReadAction\",\"target\":[\"https:\/\/premium.education\/rs\/o-nama\/\"]}]},{\"@type\":\"BreadcrumbList\",\"@id\":\"https:\/\/premium.education\/rs\/o-nama\/#breadcrumb\",\"itemListElement\":[{\"@type\":\"ListItem\",\"position\":1,\"name\":\"Po\u010detna\",\"item\":\"https:\/\/premium.education\/rs\/\"},{\"@type\":\"ListItem\",\"position\":2,\"name\":\"O nama\"}]},{\"@type\":\"WebSite\",\"@id\":\"https:\/\/premium.education\/rs\/#website\",\"url\":\"https:\/\/premium.education\/rs\/\",\"name\":\"Premium Education\",\"description\":\"\",\"publisher\":{\"@id\":\"https:\/\/premium.education\/rs\/#organization\"},\"potentialAction\":[{\"@type\":\"SearchAction\",\"target\":{\"@type\":\"EntryPoint\",\"urlTemplate\":\"https:\/\/premium.education\/rs\/?s={search_term_string}\"},\"query-input\":{\"@type\":\"PropertyValueSpecification\",\"valueRequired\":true,\"valueName\":\"search_term_string\"}}],\"inLanguage\":\"sr-RS\"},{\"@type\":\"Organization\",\"@id\":\"https:\/\/premium.education\/rs\/#organization\",\"name\":\"Premium Education\",\"url\":\"https:\/\/premium.education\/rs\/\",\"logo\":{\"@type\":\"ImageObject\",\"inLanguage\":\"sr-RS\",\"@id\":\"https:\/\/premium.education\/rs\/#\/schema\/logo\/image\/\",\"url\":\"https:\/\/premium.education\/rs\/wp-content\/uploads\/2025\/07\/PremiumLogoArt2.png\",\"contentUrl\":\"https:\/\/premium.education\/rs\/wp-content\/uploads\/2025\/07\/PremiumLogoArt2.png\",\"width\":1024,\"height\":1024,\"caption\":\"Premium Education\"},\"image\":{\"@id\":\"https:\/\/premium.education\/rs\/#\/schema\/logo\/image\/\"},\"sameAs\":[\"https:\/\/www.facebook.com\/Premium.Education.AO\"]}]}<\/script>\n<!-- \/ Yoast SEO plugin. -->","yoast_head_json":{"title":"Premium Education","robots":{"index":"index","follow":"follow","max-snippet":"max-snippet:-1","max-image-preview":"max-image-preview:large","max-video-preview":"max-video-preview:-1"},"canonical":"https:\/\/premium.education\/rs\/o-nama\/","og_locale":"sr_RS","og_type":"article","og_title":"O nama - Premium Education","og_description":"Budu\u0107i da je po\u010dev od 2008. godine Akademija Oxford kontinuirano prisutna u oblasti neformalnog obrazovanja, to je danas prepoznata kao svojevrstan lider, koji se mo\u017ee pohvaliti izuzetno velikim brojem kurseva iz razli\u010ditih oblasti. Kao prirodan sled kontinuiranog rasta i razvoja, kreirana je platforma Akademija Oxford PREMIUM, koja ima za cilj da mnoge zanimljive edukacije u\u010dini [&hellip;]","og_url":"https:\/\/premium.education\/rs\/o-nama\/","og_site_name":"Premium Education","article_publisher":"https:\/\/www.facebook.com\/Premium.Education.AO","article_modified_time":"2025-05-14T19:12:24+00:00","og_image":[{"width":2376,"height":952,"url":"https:\/\/premium.education\/rs\/wp-content\/uploads\/2025\/07\/share.png","type":"image\/png"}],"twitter_card":"summary_large_image","twitter_misc":{"Procenjeno vreme \u010ditanja":"4 minuta"},"schema":{"@context":"https:\/\/schema.org","@graph":[{"@type":"WebPage","@id":"https:\/\/premium.education\/rs\/o-nama\/","url":"https:\/\/premium.education\/rs\/o-nama\/","name":"O nama - Premium Education","isPartOf":{"@id":"https:\/\/premium.education\/rs\/#website"},"datePublished":"2025-05-14T19:06:30+00:00","dateModified":"2025-05-14T19:12:24+00:00","breadcrumb":{"@id":"https:\/\/premium.education\/rs\/o-nama\/#breadcrumb"},"inLanguage":"sr-RS","potentialAction":[{"@type":"ReadAction","target":["https:\/\/premium.education\/rs\/o-nama\/"]}]},{"@type":"BreadcrumbList","@id":"https:\/\/premium.education\/rs\/o-nama\/#breadcrumb","itemListElement":[{"@type":"ListItem","position":1,"name":"Po\u010detna","item":"https:\/\/premium.education\/rs\/"},{"@type":"ListItem","position":2,"name":"O nama"}]},{"@type":"WebSite","@id":"https:\/\/premium.education\/rs\/#website","url":"https:\/\/premium.education\/rs\/","name":"Premium Education","description":"","publisher":{"@id":"https:\/\/premium.education\/rs\/#organization"},"potentialAction":[{"@type":"SearchAction","target":{"@type":"EntryPoint","urlTemplate":"https:\/\/premium.education\/rs\/?s={search_term_string}"},"query-input":{"@type":"PropertyValueSpecification","valueRequired":true,"valueName":"search_term_string"}}],"inLanguage":"sr-RS"},{"@type":"Organization","@id":"https:\/\/premium.education\/rs\/#organization","name":"Premium Education","url":"https:\/\/premium.education\/rs\/","logo":{"@type":"ImageObject","inLanguage":"sr-RS","@id":"https:\/\/premium.education\/rs\/#\/schema\/logo\/image\/","url":"https:\/\/premium.education\/rs\/wp-content\/uploads\/2025\/07\/PremiumLogoArt2.png","contentUrl":"https:\/\/premium.education\/rs\/wp-content\/uploads\/2025\/07\/PremiumLogoArt2.png","width":1024,"height":1024,"caption":"Premium Education"},"image":{"@id":"https:\/\/premium.education\/rs\/#\/schema\/logo\/image\/"},"sameAs":["https:\/\/www.facebook.com\/Premium.Education.AO"]}]}},"_links":{"self":[{"href":"https:\/\/premium.education\/rs\/wp-json\/wp\/v2\/pages\/70","targetHints":{"allow":["GET"]}}],"collection":[{"href":"https:\/\/premium.education\/rs\/wp-json\/wp\/v2\/pages"}],"about":[{"href":"https:\/\/premium.education\/rs\/wp-json\/wp\/v2\/types\/page"}],"author":[{"embeddable":true,"href":"https:\/\/premium.education\/rs\/wp-json\/wp\/v2\/users\/1"}],"replies":[{"embeddable":true,"href":"https:\/\/premium.education\/rs\/wp-json\/wp\/v2\/comments?post=70"}],"version-history":[{"count":0,"href":"https:\/\/premium.education\/rs\/wp-json\/wp\/v2\/pages\/70\/revisions"}],"wp:attachment":[{"href":"https:\/\/premium.education\/rs\/wp-json\/wp\/v2\/media?parent=70"}],"curies":[{"name":"wp","href":"https:\/\/api.w.org\/{rel}","templated":true}]}}