{"id":74,"date":"2025-05-14T19:15:24","date_gmt":"2025-05-14T19:15:24","guid":{"rendered":"http:\/\/localhost:8084\/?page_id=74"},"modified":"2025-05-14T19:15:28","modified_gmt":"2025-05-14T19:15:28","slug":"politika-povracaja","status":"publish","type":"page","link":"https:\/\/premium.education\/rs\/politika-povracaja\/","title":{"rendered":"Politika povra\u0107aja"},"content":{"rendered":"<p><b>Politika reklamacija:<\/b><\/p>\n<p><b>U slu\u010daju reklamacije, korisnici mogu da kontaktiraju Akademiju Oxford putem email adrese podrska@akademijaoxford.com ili telefonski na broj 069 30 10 584. Reklamacije se razmatraju i procesuiraju u roku od 7 radnih dana od dana prijema. Povra\u0107aj sredstava vr\u0161i se isklju\u010divo na platnu karticu kojom je transakcija realizovana, u skladu sa uslovima zaklju\u010denim prilikom kupovine.<\/b><\/p>\n<p>&nbsp;<\/p>\n<p><b>Povra\u0107aj sredstava<\/b><\/p>\n<p>Upisani besplatni ili kupljeni online kurs predstavlja vid isporuke digitalnog sadr\u017eaja koji nije isporu\u010den na trajnom nosa\u010du zapisa \u010dijim je kori\u0161\u0107enjem (gledanje video lekcija u delu ili u celosti, re\u0161avanjem kvizova\/testova, \u010ditanjem skripti) izvr\u0161enje zapo\u010delo i kupac\/korisnik je saglasan da time gubi pravo na odustanak od ugovora.<\/p>\n<p>U slu\u010daju povra\u0107aja sredstava kupcu koji je prethodno platio nekom od platnih kartica, delimi\u010dno ili u celosti, a bez obzira na razlog vra\u0107anja, Akademija Oxford agent doo je u obavezi da povra\u0107aj vr\u0161i isklju\u010divo preko VISA, EC\/MC, Maestro, Amex i Dina metoda pla\u0107anja, \u0161to zna\u010di da \u0107e banka na zahtev prodavca obaviti povra\u0107aj sredstava na ra\u010dun korisnika kartice.<\/p>\n","protected":false},"excerpt":{"rendered":"<p>Politika reklamacija: U slu\u010daju reklamacije, korisnici mogu da kontaktiraju Akademiju Oxford putem email adrese podrska@akademijaoxford.com ili telefonski na broj 069 30 10 584. Reklamacije se razmatraju i procesuiraju u roku od 7 radnih dana od dana prijema. Povra\u0107aj sredstava vr\u0161i se isklju\u010divo na platnu karticu kojom je transakcija realizovana, u skladu sa uslovima zaklju\u010denim prilikom [&hellip;]<\/p>\n","protected":false},"author":1,"featured_media":0,"parent":0,"menu_order":0,"comment_status":"closed","ping_status":"closed","template":"about-us.php","meta":{"_acf_changed":false,"inline_featured_image":false,"footnotes":""},"class_list":["post-74","page","type-page","status-publish","hentry"],"acf":[],"yoast_head":"<!-- This site is optimized with the Yoast SEO plugin v26.0 - https:\/\/yoast.com\/wordpress\/plugins\/seo\/ -->\n<title>Premium Education<\/title>\n<meta name=\"robots\" content=\"index, follow, max-snippet:-1, max-image-preview:large, max-video-preview:-1\" \/>\n<link rel=\"canonical\" href=\"https:\/\/premium.education\/rs\/politika-povracaja\/\" \/>\n<meta property=\"og:locale\" content=\"sr_RS\" \/>\n<meta property=\"og:type\" content=\"article\" \/>\n<meta property=\"og:title\" content=\"Politika povra\u0107aja - Premium Education\" \/>\n<meta property=\"og:description\" content=\"Politika reklamacija: U slu\u010daju reklamacije, korisnici mogu da kontaktiraju Akademiju Oxford putem email adrese podrska@akademijaoxford.com ili telefonski na broj 069 30 10 584. Reklamacije se razmatraju i procesuiraju u roku od 7 radnih dana od dana prijema. Povra\u0107aj sredstava vr\u0161i se isklju\u010divo na platnu karticu kojom je transakcija realizovana, u skladu sa uslovima zaklju\u010denim prilikom [&hellip;]\" \/>\n<meta property=\"og:url\" content=\"https:\/\/premium.education\/rs\/politika-povracaja\/\" \/>\n<meta property=\"og:site_name\" content=\"Premium Education\" \/>\n<meta property=\"article:publisher\" content=\"https:\/\/www.facebook.com\/Premium.Education.AO\" \/>\n<meta property=\"article:modified_time\" content=\"2025-05-14T19:15:28+00:00\" \/>\n<meta property=\"og:image\" content=\"https:\/\/premium.education\/rs\/wp-content\/uploads\/2025\/07\/share.png\" \/>\n\t<meta property=\"og:image:width\" content=\"2376\" \/>\n\t<meta property=\"og:image:height\" content=\"952\" \/>\n\t<meta property=\"og:image:type\" content=\"image\/png\" \/>\n<meta name=\"twitter:card\" content=\"summary_large_image\" \/>\n<meta name=\"twitter:label1\" content=\"Procenjeno vreme \u010ditanja\" \/>\n\t<meta name=\"twitter:data1\" content=\"1 minut\" \/>\n<script type=\"application\/ld+json\" class=\"yoast-schema-graph\">{\"@context\":\"https:\/\/schema.org\",\"@graph\":[{\"@type\":\"WebPage\",\"@id\":\"https:\/\/premium.education\/rs\/politika-povracaja\/\",\"url\":\"https:\/\/premium.education\/rs\/politika-povracaja\/\",\"name\":\"Politika povra\u0107aja - Premium Education\",\"isPartOf\":{\"@id\":\"https:\/\/premium.education\/rs\/#website\"},\"datePublished\":\"2025-05-14T19:15:24+00:00\",\"dateModified\":\"2025-05-14T19:15:28+00:00\",\"breadcrumb\":{\"@id\":\"https:\/\/premium.education\/rs\/politika-povracaja\/#breadcrumb\"},\"inLanguage\":\"sr-RS\",\"potentialAction\":[{\"@type\":\"ReadAction\",\"target\":[\"https:\/\/premium.education\/rs\/politika-povracaja\/\"]}]},{\"@type\":\"BreadcrumbList\",\"@id\":\"https:\/\/premium.education\/rs\/politika-povracaja\/#breadcrumb\",\"itemListElement\":[{\"@type\":\"ListItem\",\"position\":1,\"name\":\"Po\u010detna\",\"item\":\"https:\/\/premium.education\/rs\/\"},{\"@type\":\"ListItem\",\"position\":2,\"name\":\"Politika povra\u0107aja\"}]},{\"@type\":\"WebSite\",\"@id\":\"https:\/\/premium.education\/rs\/#website\",\"url\":\"https:\/\/premium.education\/rs\/\",\"name\":\"Premium Education\",\"description\":\"\",\"publisher\":{\"@id\":\"https:\/\/premium.education\/rs\/#organization\"},\"potentialAction\":[{\"@type\":\"SearchAction\",\"target\":{\"@type\":\"EntryPoint\",\"urlTemplate\":\"https:\/\/premium.education\/rs\/?s={search_term_string}\"},\"query-input\":{\"@type\":\"PropertyValueSpecification\",\"valueRequired\":true,\"valueName\":\"search_term_string\"}}],\"inLanguage\":\"sr-RS\"},{\"@type\":\"Organization\",\"@id\":\"https:\/\/premium.education\/rs\/#organization\",\"name\":\"Premium Education\",\"url\":\"https:\/\/premium.education\/rs\/\",\"logo\":{\"@type\":\"ImageObject\",\"inLanguage\":\"sr-RS\",\"@id\":\"https:\/\/premium.education\/rs\/#\/schema\/logo\/image\/\",\"url\":\"https:\/\/premium.education\/rs\/wp-content\/uploads\/2025\/07\/PremiumLogoArt2.png\",\"contentUrl\":\"https:\/\/premium.education\/rs\/wp-content\/uploads\/2025\/07\/PremiumLogoArt2.png\",\"width\":1024,\"height\":1024,\"caption\":\"Premium Education\"},\"image\":{\"@id\":\"https:\/\/premium.education\/rs\/#\/schema\/logo\/image\/\"},\"sameAs\":[\"https:\/\/www.facebook.com\/Premium.Education.AO\"]}]}<\/script>\n<!-- \/ Yoast SEO plugin. -->","yoast_head_json":{"title":"Premium Education","robots":{"index":"index","follow":"follow","max-snippet":"max-snippet:-1","max-image-preview":"max-image-preview:large","max-video-preview":"max-video-preview:-1"},"canonical":"https:\/\/premium.education\/rs\/politika-povracaja\/","og_locale":"sr_RS","og_type":"article","og_title":"Politika povra\u0107aja - Premium Education","og_description":"Politika reklamacija: U slu\u010daju reklamacije, korisnici mogu da kontaktiraju Akademiju Oxford putem email adrese podrska@akademijaoxford.com ili telefonski na broj 069 30 10 584. Reklamacije se razmatraju i procesuiraju u roku od 7 radnih dana od dana prijema. Povra\u0107aj sredstava vr\u0161i se isklju\u010divo na platnu karticu kojom je transakcija realizovana, u skladu sa uslovima zaklju\u010denim prilikom [&hellip;]","og_url":"https:\/\/premium.education\/rs\/politika-povracaja\/","og_site_name":"Premium Education","article_publisher":"https:\/\/www.facebook.com\/Premium.Education.AO","article_modified_time":"2025-05-14T19:15:28+00:00","og_image":[{"width":2376,"height":952,"url":"https:\/\/premium.education\/rs\/wp-content\/uploads\/2025\/07\/share.png","type":"image\/png"}],"twitter_card":"summary_large_image","twitter_misc":{"Procenjeno vreme \u010ditanja":"1 minut"},"schema":{"@context":"https:\/\/schema.org","@graph":[{"@type":"WebPage","@id":"https:\/\/premium.education\/rs\/politika-povracaja\/","url":"https:\/\/premium.education\/rs\/politika-povracaja\/","name":"Politika povra\u0107aja - Premium Education","isPartOf":{"@id":"https:\/\/premium.education\/rs\/#website"},"datePublished":"2025-05-14T19:15:24+00:00","dateModified":"2025-05-14T19:15:28+00:00","breadcrumb":{"@id":"https:\/\/premium.education\/rs\/politika-povracaja\/#breadcrumb"},"inLanguage":"sr-RS","potentialAction":[{"@type":"ReadAction","target":["https:\/\/premium.education\/rs\/politika-povracaja\/"]}]},{"@type":"BreadcrumbList","@id":"https:\/\/premium.education\/rs\/politika-povracaja\/#breadcrumb","itemListElement":[{"@type":"ListItem","position":1,"name":"Po\u010detna","item":"https:\/\/premium.education\/rs\/"},{"@type":"ListItem","position":2,"name":"Politika povra\u0107aja"}]},{"@type":"WebSite","@id":"https:\/\/premium.education\/rs\/#website","url":"https:\/\/premium.education\/rs\/","name":"Premium Education","description":"","publisher":{"@id":"https:\/\/premium.education\/rs\/#organization"},"potentialAction":[{"@type":"SearchAction","target":{"@type":"EntryPoint","urlTemplate":"https:\/\/premium.education\/rs\/?s={search_term_string}"},"query-input":{"@type":"PropertyValueSpecification","valueRequired":true,"valueName":"search_term_string"}}],"inLanguage":"sr-RS"},{"@type":"Organization","@id":"https:\/\/premium.education\/rs\/#organization","name":"Premium Education","url":"https:\/\/premium.education\/rs\/","logo":{"@type":"ImageObject","inLanguage":"sr-RS","@id":"https:\/\/premium.education\/rs\/#\/schema\/logo\/image\/","url":"https:\/\/premium.education\/rs\/wp-content\/uploads\/2025\/07\/PremiumLogoArt2.png","contentUrl":"https:\/\/premium.education\/rs\/wp-content\/uploads\/2025\/07\/PremiumLogoArt2.png","width":1024,"height":1024,"caption":"Premium Education"},"image":{"@id":"https:\/\/premium.education\/rs\/#\/schema\/logo\/image\/"},"sameAs":["https:\/\/www.facebook.com\/Premium.Education.AO"]}]}},"_links":{"self":[{"href":"https:\/\/premium.education\/rs\/wp-json\/wp\/v2\/pages\/74","targetHints":{"allow":["GET"]}}],"collection":[{"href":"https:\/\/premium.education\/rs\/wp-json\/wp\/v2\/pages"}],"about":[{"href":"https:\/\/premium.education\/rs\/wp-json\/wp\/v2\/types\/page"}],"author":[{"embeddable":true,"href":"https:\/\/premium.education\/rs\/wp-json\/wp\/v2\/users\/1"}],"replies":[{"embeddable":true,"href":"https:\/\/premium.education\/rs\/wp-json\/wp\/v2\/comments?post=74"}],"version-history":[{"count":0,"href":"https:\/\/premium.education\/rs\/wp-json\/wp\/v2\/pages\/74\/revisions"}],"wp:attachment":[{"href":"https:\/\/premium.education\/rs\/wp-json\/wp\/v2\/media?parent=74"}],"curies":[{"name":"wp","href":"https:\/\/api.w.org\/{rel}","templated":true}]}}