{"id":76,"date":"2025-05-14T19:16:33","date_gmt":"2025-05-14T19:16:33","guid":{"rendered":"http:\/\/localhost:8084\/?page_id=76"},"modified":"2025-05-14T19:16:36","modified_gmt":"2025-05-14T19:16:36","slug":"uslovi-i-pravila","status":"publish","type":"page","link":"https:\/\/premium.education\/rs\/uslovi-i-pravila\/","title":{"rendered":"Uslovi i pravila"},"content":{"rendered":"<h3>Uslovi kori\u0161\u0107enja<\/h3>\n<p>&nbsp;<\/p>\n<h4>Op\u0161te odredbe<\/h4>\n<p>&nbsp;<\/p>\n<p><b>Osnovni podaci o firmi na e-commerce prodajnom mestu<\/b><\/p>\n<p><b>Naziv pravnog subjekta:<\/b><\/p>\n<p>AKADEMIJA OXFORD &#8211; AGENT DOO JAGODINA<\/p>\n<p><b>Adresa:<\/b><\/p>\n<p>TREP\u010cANINOVA 1, 35000 Jagodina, Srbija<\/p>\n<p><b>Delatnost:<\/b><\/p>\n<p>Obrazovanje i kursevi, \u0160ifra delatnosti: 8559 &#8211; Ostalo obrazovanje<\/p>\n<p><b>Mati\u010dni broj (MB):<\/b><\/p>\n<p>20758546<\/p>\n<p><b>Poreski identifikacioni broj (PIB):<\/b><\/p>\n<p>107224269<\/p>\n<p><b>Web adresa:<\/b><\/p>\n<p>https:\/\/akademijaoxford.com\/premium\/<\/p>\n<p><b>Kontakt podaci:<\/b><\/p>\n<p>Telefon: 069 30 10 584<\/p>\n<p>Email: podrska@akademijaoxford.com<\/p>\n<p>&nbsp;<\/p>\n<p><b>Opis proizvoda i usluga:<\/b><\/p>\n<p><b>Akademija Oxford \u2013 Online kursevi za prakti\u010dne ve\u0161tine i profesionalni razvoj<\/b><\/p>\n<p>Akademija Oxford trenutno nudi odabrane\u00a0<b>online<\/b>\u00a0kurseve usmerene na sticanje prakti\u010dnih znanja i ve\u0161tina koje se lako primenjuju u svakodnevnom poslovanju i li\u010dnom razvoju.<\/p>\n<p>Na\u0161i kursevi su pa\u017eljivo pripremljeni i pru\u017eaju:<\/p>\n<ol>\n<li>Kvalitetne video lekcije koje mo\u017eete pratiti svojim tempom.<\/li>\n<li>Materijale prilago\u0111ene za lak\u0161e razumevanje i primenu nau\u010denog.<\/li>\n<li>Prakti\u010dne primere koji olak\u0161avaju usvajanje znanja.<\/li>\n<\/ol>\n<p>&nbsp;<\/p>\n<p><b>Cene proizvoda i usluga:<\/b><\/p>\n<p>Sve cene su izra\u017eene u dinarima (RSD) i uklju\u010duju PDV. Kompletan cenovnik dostupan je na veb-sajtu.<\/p>\n<p>&nbsp;<\/p>\n<p><b>Izjava o konverziji<\/b><\/p>\n<p><b>All payments will be effected in Serbian currency \u2013 dinar (RSD). The amount your credit card account will be charged for is obtained through the conversion of the price in Euro into Serbian dinar according to the current exchange rate of the Serbian National Bank. When charging your credit card, the same amount is converted into your local currency according to the exchange rate of credit card associations. As a result of this conversion there is a possibility of a slight difference from the original price stated in our web site.<\/b><\/p>\n<p><b>Sva pla\u0107anja bi\u0107e izvr\u0161ena u lokalnoj valuti Republike Srbije \u2013 dinar (RSD). Za informativni prikaz cena u drugim valutama koristi se srednji kurs Narodne Banke Srbije. Iznos za koji \u0107e biti zadu\u017eena Va\u0161a platna kartica bi\u0107e izra\u017een u Va\u0161oj lokalnoj valuti kroz konverziju u istu po kursu koji koriste karti\u010darske organizacije, a koji nama u trenutku transakcije ne mo\u017ee biti poznat. Kao rezultat ove konverzije postoji mogu\u0107nost neznatne razlike od originalne cene navedene na na\u0161em sajtu.<\/b><\/p>\n<p>&nbsp;<\/p>\n<p><b>Kontakt podaci-korisni\u010dki servis za AKADEMIJA OXFORD AGENT DOO:<\/b><\/p>\n<ol>\n<li>Adresa: TREP\u010cANINOVA 1, 35000 Jagodina, Srbija<\/li>\n<li>Telefon: 069 30 10 584<\/li>\n<li>Email: podrska@akademijaoxford.com<\/li>\n<\/ol>\n<p>&nbsp;<\/p>\n<p><b>Izjava o PDV-u<\/b><\/p>\n<p>PDV ura\u010dunat u cenu i nema skrivenih tro\u0161kova.<\/p>\n<p>&nbsp;<\/p>\n<hr \/>\n<p>&nbsp;<\/p>\n<h4>Dostava robe i eventualna ograni\u010denja<\/h4>\n<p>Online kursevi se isporu\u010duju isklju\u010divo putem internet platforme Akademije Oxford. Nakon uspe\u0161ne potvrde uplate, korisnik \u0107e, najkasnije u roku od 24 sata, dobiti putem e-maila pristupne podatke (korisni\u010dko ime i lozinku) koji omogu\u0107avaju aktivaciju kupljenog kursa. Naplata se vr\u0161i istovremeno sa potvrdom narud\u017ebine, a zadu\u017eivanje ra\u010duna vr\u0161i se po va\u017ee\u0107em kursu Narodne banke Srbije.<\/p>\n<p>Korisnik je du\u017ean da prilikom registracije dostavi ta\u010dne i potpune podatke kako bi pristup kursu bio omogu\u0107en bez odlaganja. Pristup kupljenom kursu omogu\u0107ava se putem kompatibilnih internet pregleda\u010da i ure\u0111aja, te je neophodno da korisnik osigura odgovaraju\u0107u tehni\u010dku opremu i stabilnu internet konekciju.<\/p>\n<p>Digitalni sadr\u017eaj se smatra \u201edostavljenim\u201c u trenutku kada korisnik primi i aktivira pristupne podatke, odnosno kada prvi put pristupi sadr\u017eaju kursa putem na\u0161e platforme. Ukoliko do\u0111e do tehni\u010dkih smetnji koje onemogu\u0107avaju pristup kursu, Akademija Oxford \u0107e preduzeti sve razumne mere kako bi se problem otklonio u najkra\u0107em mogu\u0107em roku.<\/p>\n<p>Korisnici iz inostranstva se obave\u0161tavaju da mogu postojati dodatna ograni\u010denja u pristupu digitalnom sadr\u017eaju usled lokalnih zakonskih regulativa, tehni\u010dkih uslova ili drugih administrativnih mera. Akademija Oxford ne snosi odgovornost za eventualne prepreke u pristupu kursu koje proisti\u010du iz ograni\u010denja van teritorije Republike Srbije ili zbog specifi\u010dnih pravnih i tehni\u010dkih uslova u inostranstvu.<\/p>\n<p><b>Politika reklamacija:<\/b><\/p>\n<p><b>U slu\u010daju reklamacije, korisnici mogu da kontaktiraju Akademiju Oxford putem email adrese podrska@akademijaoxford.com ili telefonski na broj 069 30 10 584. Reklamacije se razmatraju i procesuiraju u roku od 7 radnih dana od dana prijema. Povra\u0107aj sredstava vr\u0161i se isklju\u010divo na platnu karticu kojom je transakcija realizovana, u skladu sa uslovima zaklju\u010denim prilikom kupovine.<\/b><\/p>\n<p><b>Povra\u0107aj sredstava<\/b><\/p>\n<p>Upisani besplatni ili kupljeni online kurs predstavlja vid isporuke digitalnog sadr\u017eaja koji nije isporu\u010den na trajnom nosa\u010du zapisa \u010dijim je kori\u0161\u0107enjem (gledanje video lekcija u delu ili u celosti, re\u0161avanjem kvizova\/testova, \u010ditanjem skripti) izvr\u0161enje zapo\u010delo i kupac\/korisnik je saglasan da time gubi pravo na odustanak od ugovora.<\/p>\n<p>U slu\u010daju povra\u0107aja sredstava kupcu koji je prethodno platio nekom od platnih kartica, delimi\u010dno ili u celosti, a bez obzira na razlog vra\u0107anja, Akademija Oxford agent doo je u obavezi da povra\u0107aj vr\u0161i isklju\u010divo preko VISA, EC\/MC, Maestro, Amex i Dina metoda pla\u0107anja, \u0161to zna\u010di da \u0107e banka na zahtev prodavca obaviti povra\u0107aj sredstava na ra\u010dun korisnika kartice.<\/p>\n<h4>Za\u0161tita privatnosti korisnika<\/h4>\n<p>U ime Akademije Oxford obavezujemo se da \u0107emo \u010duvati privatnost svih na\u0161ih kupaca. Prikupljamo samo neophodne, osnovne podatke o kupcima\/ korisnicima i podatke neophodne za poslovanje i informisanje korisnika u skladu sa dobrim poslovnim obi\u010dajima i u cilju pru\u017eanja kvalitetne usluge. Dajemo kupcima mogu\u0107nost izbora uklju\u010duju\u0107i mogu\u0107nost odluke da li \u017eele ili ne da se izbri\u0161u sa mailing lista koje se koriste za marketin\u0161ke kampanje. Svi podaci o korisnicima\/kupcima se strogo \u010duvaju i dostupni su samo zaposlenima kojima su ti podaci nu\u017eni za obavljanje posla. Svi zaposleni Akademije Oxford (i poslovni partneri) odgovorni su za po\u0161tovanje na\u010dela za\u0161tite privatnosti.<\/p>\n<h4>Za\u0161tita poverljivih podataka o transakciji<\/h4>\n<p>Prilikom uno\u0161enja podataka o platnoj kartici, poverljive informacija se prenose putem javne mre\u017ee u za\u0161ti\u0107enoj (kriptovanoj) formi upotrebom SSL protokola i PKI sistema, kao trenutno najsavremenije kriptografske tehnologije.<\/p>\n<p>Sigurnost podataka prilikom kupovine, garantuje procesor platnih kartica, Banca Intesa ad Beograd, pa se tako kompletni proces naplate obavlja na stranicama banke. Niti jednog trenutka podaci o platnoj kartici nisu dostupni na\u0161em sistemu.<\/p>\n<h4>Povra\u0107aj sredstava<\/h4>\n<p>U slu\u010daju vra\u0107anja robe i povra\u0107aja sredstava kupcu koji je prethodno platio nekom od platnih kartica, delimi\u010dno ili u celosti, a bez obzira na razlog vra\u0107anja, Akademija Oxford je u obavezi da povra\u0107aj vr\u0161i isklju\u010divo preko VISA, EC\/MC, Maestro, Amex i Dina metoda pla\u0107anja, \u0161to zna\u010di da \u0107e banka na zahtev prodavca obaviti povra\u0107aj sredstava na ra\u010dun korisnika kartice<\/p>\n","protected":false},"excerpt":{"rendered":"<p>Uslovi kori\u0161\u0107enja &nbsp; Op\u0161te odredbe &nbsp; Osnovni podaci o firmi na e-commerce prodajnom mestu Naziv pravnog subjekta: AKADEMIJA OXFORD &#8211; AGENT DOO JAGODINA Adresa: TREP\u010cANINOVA 1, 35000 Jagodina, Srbija Delatnost: Obrazovanje i kursevi, \u0160ifra delatnosti: 8559 &#8211; Ostalo obrazovanje Mati\u010dni broj (MB): 20758546 Poreski identifikacioni broj (PIB): 107224269 Web adresa: https:\/\/akademijaoxford.com\/premium\/ Kontakt podaci: Telefon: 069 [&hellip;]<\/p>\n","protected":false},"author":1,"featured_media":0,"parent":0,"menu_order":0,"comment_status":"closed","ping_status":"closed","template":"about-us.php","meta":{"_acf_changed":false,"inline_featured_image":false,"footnotes":""},"class_list":["post-76","page","type-page","status-publish","hentry"],"acf":[],"yoast_head":"<!-- This site is optimized with the Yoast SEO plugin v26.0 - https:\/\/yoast.com\/wordpress\/plugins\/seo\/ -->\n<title>Premium Education<\/title>\n<meta name=\"robots\" content=\"index, follow, max-snippet:-1, max-image-preview:large, max-video-preview:-1\" \/>\n<link rel=\"canonical\" href=\"https:\/\/premium.education\/rs\/uslovi-i-pravila\/\" \/>\n<meta property=\"og:locale\" content=\"sr_RS\" \/>\n<meta property=\"og:type\" content=\"article\" \/>\n<meta property=\"og:title\" content=\"Uslovi i pravila - Premium Education\" \/>\n<meta property=\"og:description\" content=\"Uslovi kori\u0161\u0107enja &nbsp; Op\u0161te odredbe &nbsp; Osnovni podaci o firmi na e-commerce prodajnom mestu Naziv pravnog subjekta: AKADEMIJA OXFORD &#8211; AGENT DOO JAGODINA Adresa: TREP\u010cANINOVA 1, 35000 Jagodina, Srbija Delatnost: Obrazovanje i kursevi, \u0160ifra delatnosti: 8559 &#8211; Ostalo obrazovanje Mati\u010dni broj (MB): 20758546 Poreski identifikacioni broj (PIB): 107224269 Web adresa: https:\/\/akademijaoxford.com\/premium\/ Kontakt podaci: Telefon: 069 [&hellip;]\" \/>\n<meta property=\"og:url\" content=\"https:\/\/premium.education\/rs\/uslovi-i-pravila\/\" \/>\n<meta property=\"og:site_name\" content=\"Premium Education\" \/>\n<meta property=\"article:publisher\" content=\"https:\/\/www.facebook.com\/Premium.Education.AO\" \/>\n<meta property=\"article:modified_time\" content=\"2025-05-14T19:16:36+00:00\" \/>\n<meta property=\"og:image\" content=\"https:\/\/premium.education\/rs\/wp-content\/uploads\/2025\/07\/share.png\" \/>\n\t<meta property=\"og:image:width\" content=\"2376\" \/>\n\t<meta property=\"og:image:height\" content=\"952\" \/>\n\t<meta property=\"og:image:type\" content=\"image\/png\" \/>\n<meta name=\"twitter:card\" content=\"summary_large_image\" \/>\n<meta name=\"twitter:label1\" content=\"Procenjeno vreme \u010ditanja\" \/>\n\t<meta name=\"twitter:data1\" content=\"5 minuta\" \/>\n<script type=\"application\/ld+json\" class=\"yoast-schema-graph\">{\"@context\":\"https:\/\/schema.org\",\"@graph\":[{\"@type\":\"WebPage\",\"@id\":\"https:\/\/premium.education\/rs\/uslovi-i-pravila\/\",\"url\":\"https:\/\/premium.education\/rs\/uslovi-i-pravila\/\",\"name\":\"Uslovi i pravila - Premium Education\",\"isPartOf\":{\"@id\":\"https:\/\/premium.education\/rs\/#website\"},\"datePublished\":\"2025-05-14T19:16:33+00:00\",\"dateModified\":\"2025-05-14T19:16:36+00:00\",\"breadcrumb\":{\"@id\":\"https:\/\/premium.education\/rs\/uslovi-i-pravila\/#breadcrumb\"},\"inLanguage\":\"sr-RS\",\"potentialAction\":[{\"@type\":\"ReadAction\",\"target\":[\"https:\/\/premium.education\/rs\/uslovi-i-pravila\/\"]}]},{\"@type\":\"BreadcrumbList\",\"@id\":\"https:\/\/premium.education\/rs\/uslovi-i-pravila\/#breadcrumb\",\"itemListElement\":[{\"@type\":\"ListItem\",\"position\":1,\"name\":\"Po\u010detna\",\"item\":\"https:\/\/premium.education\/rs\/\"},{\"@type\":\"ListItem\",\"position\":2,\"name\":\"Uslovi i pravila\"}]},{\"@type\":\"WebSite\",\"@id\":\"https:\/\/premium.education\/rs\/#website\",\"url\":\"https:\/\/premium.education\/rs\/\",\"name\":\"Premium Education\",\"description\":\"\",\"publisher\":{\"@id\":\"https:\/\/premium.education\/rs\/#organization\"},\"potentialAction\":[{\"@type\":\"SearchAction\",\"target\":{\"@type\":\"EntryPoint\",\"urlTemplate\":\"https:\/\/premium.education\/rs\/?s={search_term_string}\"},\"query-input\":{\"@type\":\"PropertyValueSpecification\",\"valueRequired\":true,\"valueName\":\"search_term_string\"}}],\"inLanguage\":\"sr-RS\"},{\"@type\":\"Organization\",\"@id\":\"https:\/\/premium.education\/rs\/#organization\",\"name\":\"Premium Education\",\"url\":\"https:\/\/premium.education\/rs\/\",\"logo\":{\"@type\":\"ImageObject\",\"inLanguage\":\"sr-RS\",\"@id\":\"https:\/\/premium.education\/rs\/#\/schema\/logo\/image\/\",\"url\":\"https:\/\/premium.education\/rs\/wp-content\/uploads\/2025\/07\/PremiumLogoArt2.png\",\"contentUrl\":\"https:\/\/premium.education\/rs\/wp-content\/uploads\/2025\/07\/PremiumLogoArt2.png\",\"width\":1024,\"height\":1024,\"caption\":\"Premium Education\"},\"image\":{\"@id\":\"https:\/\/premium.education\/rs\/#\/schema\/logo\/image\/\"},\"sameAs\":[\"https:\/\/www.facebook.com\/Premium.Education.AO\"]}]}<\/script>\n<!-- \/ Yoast SEO plugin. -->","yoast_head_json":{"title":"Premium Education","robots":{"index":"index","follow":"follow","max-snippet":"max-snippet:-1","max-image-preview":"max-image-preview:large","max-video-preview":"max-video-preview:-1"},"canonical":"https:\/\/premium.education\/rs\/uslovi-i-pravila\/","og_locale":"sr_RS","og_type":"article","og_title":"Uslovi i pravila - Premium Education","og_description":"Uslovi kori\u0161\u0107enja &nbsp; Op\u0161te odredbe &nbsp; Osnovni podaci o firmi na e-commerce prodajnom mestu Naziv pravnog subjekta: AKADEMIJA OXFORD &#8211; AGENT DOO JAGODINA Adresa: TREP\u010cANINOVA 1, 35000 Jagodina, Srbija Delatnost: Obrazovanje i kursevi, \u0160ifra delatnosti: 8559 &#8211; Ostalo obrazovanje Mati\u010dni broj (MB): 20758546 Poreski identifikacioni broj (PIB): 107224269 Web adresa: https:\/\/akademijaoxford.com\/premium\/ Kontakt podaci: Telefon: 069 [&hellip;]","og_url":"https:\/\/premium.education\/rs\/uslovi-i-pravila\/","og_site_name":"Premium Education","article_publisher":"https:\/\/www.facebook.com\/Premium.Education.AO","article_modified_time":"2025-05-14T19:16:36+00:00","og_image":[{"width":2376,"height":952,"url":"https:\/\/premium.education\/rs\/wp-content\/uploads\/2025\/07\/share.png","type":"image\/png"}],"twitter_card":"summary_large_image","twitter_misc":{"Procenjeno vreme \u010ditanja":"5 minuta"},"schema":{"@context":"https:\/\/schema.org","@graph":[{"@type":"WebPage","@id":"https:\/\/premium.education\/rs\/uslovi-i-pravila\/","url":"https:\/\/premium.education\/rs\/uslovi-i-pravila\/","name":"Uslovi i pravila - Premium Education","isPartOf":{"@id":"https:\/\/premium.education\/rs\/#website"},"datePublished":"2025-05-14T19:16:33+00:00","dateModified":"2025-05-14T19:16:36+00:00","breadcrumb":{"@id":"https:\/\/premium.education\/rs\/uslovi-i-pravila\/#breadcrumb"},"inLanguage":"sr-RS","potentialAction":[{"@type":"ReadAction","target":["https:\/\/premium.education\/rs\/uslovi-i-pravila\/"]}]},{"@type":"BreadcrumbList","@id":"https:\/\/premium.education\/rs\/uslovi-i-pravila\/#breadcrumb","itemListElement":[{"@type":"ListItem","position":1,"name":"Po\u010detna","item":"https:\/\/premium.education\/rs\/"},{"@type":"ListItem","position":2,"name":"Uslovi i pravila"}]},{"@type":"WebSite","@id":"https:\/\/premium.education\/rs\/#website","url":"https:\/\/premium.education\/rs\/","name":"Premium Education","description":"","publisher":{"@id":"https:\/\/premium.education\/rs\/#organization"},"potentialAction":[{"@type":"SearchAction","target":{"@type":"EntryPoint","urlTemplate":"https:\/\/premium.education\/rs\/?s={search_term_string}"},"query-input":{"@type":"PropertyValueSpecification","valueRequired":true,"valueName":"search_term_string"}}],"inLanguage":"sr-RS"},{"@type":"Organization","@id":"https:\/\/premium.education\/rs\/#organization","name":"Premium Education","url":"https:\/\/premium.education\/rs\/","logo":{"@type":"ImageObject","inLanguage":"sr-RS","@id":"https:\/\/premium.education\/rs\/#\/schema\/logo\/image\/","url":"https:\/\/premium.education\/rs\/wp-content\/uploads\/2025\/07\/PremiumLogoArt2.png","contentUrl":"https:\/\/premium.education\/rs\/wp-content\/uploads\/2025\/07\/PremiumLogoArt2.png","width":1024,"height":1024,"caption":"Premium Education"},"image":{"@id":"https:\/\/premium.education\/rs\/#\/schema\/logo\/image\/"},"sameAs":["https:\/\/www.facebook.com\/Premium.Education.AO"]}]}},"_links":{"self":[{"href":"https:\/\/premium.education\/rs\/wp-json\/wp\/v2\/pages\/76","targetHints":{"allow":["GET"]}}],"collection":[{"href":"https:\/\/premium.education\/rs\/wp-json\/wp\/v2\/pages"}],"about":[{"href":"https:\/\/premium.education\/rs\/wp-json\/wp\/v2\/types\/page"}],"author":[{"embeddable":true,"href":"https:\/\/premium.education\/rs\/wp-json\/wp\/v2\/users\/1"}],"replies":[{"embeddable":true,"href":"https:\/\/premium.education\/rs\/wp-json\/wp\/v2\/comments?post=76"}],"version-history":[{"count":0,"href":"https:\/\/premium.education\/rs\/wp-json\/wp\/v2\/pages\/76\/revisions"}],"wp:attachment":[{"href":"https:\/\/premium.education\/rs\/wp-json\/wp\/v2\/media?parent=76"}],"curies":[{"name":"wp","href":"https:\/\/api.w.org\/{rel}","templated":true}]}}