{"id":3678,"date":"2025-09-24T12:23:37","date_gmt":"2025-09-24T10:23:37","guid":{"rendered":"https:\/\/premium.education\/rs\/?post_type=product&#038;p=3678"},"modified":"2026-01-21T13:36:38","modified_gmt":"2026-01-21T12:36:38","slug":"high-impact-performance-management","status":"publish","type":"product","link":"https:\/\/premium.education\/rs\/kurs\/high-impact-performance-management\/","title":{"rendered":"High-Impact Performance Management: Upravljanje radnim u\u010dinkom sa visokim uticajem"},"content":{"rendered":"","protected":false},"excerpt":{"rendered":"","protected":false},"featured_media":3677,"comment_status":"open","ping_status":"closed","template":"","meta":{"_acf_changed":false,"inline_featured_image":false},"product_brand":[],"product_cat":[16],"product_tag":[],"class_list":{"0":"post-3678","1":"product","2":"type-product","3":"status-publish","4":"has-post-thumbnail","6":"product_cat-uncategorized","8":"first","9":"instock","10":"virtual","11":"sold-individually","12":"taxable","13":"purchasable","14":"product-type-course"},"acf":[],"yoast_head":"<!-- This site is optimized with the Yoast SEO plugin v26.0 - https:\/\/yoast.com\/wordpress\/plugins\/seo\/ -->\n<title>Premium Education<\/title>\n<meta name=\"description\" content=\"Od merenja u\u010dinka do poslovnog uspeha: Gradite timove koji pobe\u0111uju.Savladajte proverene metode za postavljanje ciljeva, razvoj talenata i stvaranje kulture visokih performansi. Pretvorite &quot;performance management&quot; iz obaveze u najja\u010du strate\u0161ku prednost va\u0161e kompanije.\" \/>\n<meta name=\"robots\" content=\"index, follow, max-snippet:-1, max-image-preview:large, max-video-preview:-1\" \/>\n<link rel=\"canonical\" href=\"https:\/\/premium.education\/rs\/kurs\/high-impact-performance-management\/\" \/>\n<meta property=\"og:locale\" content=\"sr_RS\" \/>\n<meta property=\"og:type\" content=\"article\" \/>\n<meta property=\"og:title\" content=\"High-Impact Performance Management: Upravljanje radnim u\u010dinkom sa visokim uticajem - Premium Education\" \/>\n<meta property=\"og:description\" content=\"Od merenja u\u010dinka do poslovnog uspeha: Gradite timove koji pobe\u0111uju.Savladajte proverene metode za postavljanje ciljeva, razvoj talenata i stvaranje kulture visokih performansi. Pretvorite &quot;performance management&quot; iz obaveze u najja\u010du strate\u0161ku prednost va\u0161e kompanije.\" \/>\n<meta property=\"og:url\" content=\"https:\/\/premium.education\/rs\/kurs\/high-impact-performance-management\/\" \/>\n<meta property=\"og:site_name\" content=\"Premium Education\" \/>\n<meta property=\"article:publisher\" content=\"https:\/\/www.facebook.com\/Premium.Education.AO\" \/>\n<meta property=\"article:modified_time\" content=\"2026-01-21T12:36:38+00:00\" \/>\n<meta property=\"og:image\" content=\"https:\/\/premium.education\/rs\/wp-content\/uploads\/2025\/09\/high-impact-featured.png\" \/>\n\t<meta property=\"og:image:width\" content=\"1920\" \/>\n\t<meta property=\"og:image:height\" content=\"1080\" \/>\n\t<meta property=\"og:image:type\" content=\"image\/png\" \/>\n<meta name=\"twitter:card\" content=\"summary_large_image\" \/>\n<meta name=\"twitter:label1\" content=\"Procenjeno vreme \u010ditanja\" \/>\n\t<meta name=\"twitter:data1\" content=\"1 minut\" \/>\n<script type=\"application\/ld+json\" class=\"yoast-schema-graph\">{\"@context\":\"https:\/\/schema.org\",\"@graph\":[{\"@type\":\"WebPage\",\"@id\":\"https:\/\/premium.education\/rs\/kurs\/high-impact-performance-management\/\",\"url\":\"https:\/\/premium.education\/rs\/kurs\/high-impact-performance-management\/\",\"name\":\"High-Impact Performance Management: Upravljanje radnim u\u010dinkom sa visokim uticajem - Premium Education\",\"isPartOf\":{\"@id\":\"https:\/\/premium.education\/rs\/#website\"},\"primaryImageOfPage\":{\"@id\":\"https:\/\/premium.education\/rs\/kurs\/high-impact-performance-management\/#primaryimage\"},\"image\":{\"@id\":\"https:\/\/premium.education\/rs\/kurs\/high-impact-performance-management\/#primaryimage\"},\"thumbnailUrl\":\"https:\/\/premium.education\/rs\/wp-content\/uploads\/2025\/09\/high-impact-featured.png\",\"datePublished\":\"2025-09-24T10:23:37+00:00\",\"dateModified\":\"2026-01-21T12:36:38+00:00\",\"description\":\"Od merenja u\u010dinka do poslovnog uspeha: Gradite timove koji pobe\u0111uju.Savladajte proverene metode za postavljanje ciljeva, razvoj talenata i stvaranje kulture visokih performansi. Pretvorite \\\"performance management\\\" iz obaveze u najja\u010du strate\u0161ku prednost va\u0161e kompanije.\",\"breadcrumb\":{\"@id\":\"https:\/\/premium.education\/rs\/kurs\/high-impact-performance-management\/#breadcrumb\"},\"inLanguage\":\"sr-RS\",\"potentialAction\":[{\"@type\":\"ReadAction\",\"target\":[\"https:\/\/premium.education\/rs\/kurs\/high-impact-performance-management\/\"]}]},{\"@type\":\"ImageObject\",\"inLanguage\":\"sr-RS\",\"@id\":\"https:\/\/premium.education\/rs\/kurs\/high-impact-performance-management\/#primaryimage\",\"url\":\"https:\/\/premium.education\/rs\/wp-content\/uploads\/2025\/09\/high-impact-featured.png\",\"contentUrl\":\"https:\/\/premium.education\/rs\/wp-content\/uploads\/2025\/09\/high-impact-featured.png\",\"width\":1920,\"height\":1080},{\"@type\":\"BreadcrumbList\",\"@id\":\"https:\/\/premium.education\/rs\/kurs\/high-impact-performance-management\/#breadcrumb\",\"itemListElement\":[{\"@type\":\"ListItem\",\"position\":1,\"name\":\"Po\u010detna\",\"item\":\"https:\/\/premium.education\/rs\/\"},{\"@type\":\"ListItem\",\"position\":2,\"name\":\"Shop\",\"item\":\"https:\/\/premium.education\/rs\/shop\/\"},{\"@type\":\"ListItem\",\"position\":3,\"name\":\"High-Impact Performance Management: Upravljanje radnim u\u010dinkom sa visokim uticajem\"}]},{\"@type\":\"WebSite\",\"@id\":\"https:\/\/premium.education\/rs\/#website\",\"url\":\"https:\/\/premium.education\/rs\/\",\"name\":\"Premium Education\",\"description\":\"\",\"publisher\":{\"@id\":\"https:\/\/premium.education\/rs\/#organization\"},\"potentialAction\":[{\"@type\":\"SearchAction\",\"target\":{\"@type\":\"EntryPoint\",\"urlTemplate\":\"https:\/\/premium.education\/rs\/?s={search_term_string}\"},\"query-input\":{\"@type\":\"PropertyValueSpecification\",\"valueRequired\":true,\"valueName\":\"search_term_string\"}}],\"inLanguage\":\"sr-RS\"},{\"@type\":\"Organization\",\"@id\":\"https:\/\/premium.education\/rs\/#organization\",\"name\":\"Premium Education\",\"url\":\"https:\/\/premium.education\/rs\/\",\"logo\":{\"@type\":\"ImageObject\",\"inLanguage\":\"sr-RS\",\"@id\":\"https:\/\/premium.education\/rs\/#\/schema\/logo\/image\/\",\"url\":\"https:\/\/premium.education\/rs\/wp-content\/uploads\/2025\/07\/PremiumLogoArt2.png\",\"contentUrl\":\"https:\/\/premium.education\/rs\/wp-content\/uploads\/2025\/07\/PremiumLogoArt2.png\",\"width\":1024,\"height\":1024,\"caption\":\"Premium Education\"},\"image\":{\"@id\":\"https:\/\/premium.education\/rs\/#\/schema\/logo\/image\/\"},\"sameAs\":[\"https:\/\/www.facebook.com\/Premium.Education.AO\"]}]}<\/script>\n<!-- \/ Yoast SEO plugin. -->","yoast_head_json":{"title":"Premium Education","description":"Od merenja u\u010dinka do poslovnog uspeha: Gradite timove koji pobe\u0111uju.Savladajte proverene metode za postavljanje ciljeva, razvoj talenata i stvaranje kulture visokih performansi. Pretvorite \"performance management\" iz obaveze u najja\u010du strate\u0161ku prednost va\u0161e kompanije.","robots":{"index":"index","follow":"follow","max-snippet":"max-snippet:-1","max-image-preview":"max-image-preview:large","max-video-preview":"max-video-preview:-1"},"canonical":"https:\/\/premium.education\/rs\/kurs\/high-impact-performance-management\/","og_locale":"sr_RS","og_type":"article","og_title":"High-Impact Performance Management: Upravljanje radnim u\u010dinkom sa visokim uticajem - Premium Education","og_description":"Od merenja u\u010dinka do poslovnog uspeha: Gradite timove koji pobe\u0111uju.Savladajte proverene metode za postavljanje ciljeva, razvoj talenata i stvaranje kulture visokih performansi. Pretvorite \"performance management\" iz obaveze u najja\u010du strate\u0161ku prednost va\u0161e kompanije.","og_url":"https:\/\/premium.education\/rs\/kurs\/high-impact-performance-management\/","og_site_name":"Premium Education","article_publisher":"https:\/\/www.facebook.com\/Premium.Education.AO","article_modified_time":"2026-01-21T12:36:38+00:00","og_image":[{"width":1920,"height":1080,"url":"https:\/\/premium.education\/rs\/wp-content\/uploads\/2025\/09\/high-impact-featured.png","type":"image\/png"}],"twitter_card":"summary_large_image","twitter_misc":{"Procenjeno vreme \u010ditanja":"1 minut"},"schema":{"@context":"https:\/\/schema.org","@graph":[{"@type":"WebPage","@id":"https:\/\/premium.education\/rs\/kurs\/high-impact-performance-management\/","url":"https:\/\/premium.education\/rs\/kurs\/high-impact-performance-management\/","name":"High-Impact Performance Management: Upravljanje radnim u\u010dinkom sa visokim uticajem - Premium Education","isPartOf":{"@id":"https:\/\/premium.education\/rs\/#website"},"primaryImageOfPage":{"@id":"https:\/\/premium.education\/rs\/kurs\/high-impact-performance-management\/#primaryimage"},"image":{"@id":"https:\/\/premium.education\/rs\/kurs\/high-impact-performance-management\/#primaryimage"},"thumbnailUrl":"https:\/\/premium.education\/rs\/wp-content\/uploads\/2025\/09\/high-impact-featured.png","datePublished":"2025-09-24T10:23:37+00:00","dateModified":"2026-01-21T12:36:38+00:00","description":"Od merenja u\u010dinka do poslovnog uspeha: Gradite timove koji pobe\u0111uju.Savladajte proverene metode za postavljanje ciljeva, razvoj talenata i stvaranje kulture visokih performansi. Pretvorite \"performance management\" iz obaveze u najja\u010du strate\u0161ku prednost va\u0161e kompanije.","breadcrumb":{"@id":"https:\/\/premium.education\/rs\/kurs\/high-impact-performance-management\/#breadcrumb"},"inLanguage":"sr-RS","potentialAction":[{"@type":"ReadAction","target":["https:\/\/premium.education\/rs\/kurs\/high-impact-performance-management\/"]}]},{"@type":"ImageObject","inLanguage":"sr-RS","@id":"https:\/\/premium.education\/rs\/kurs\/high-impact-performance-management\/#primaryimage","url":"https:\/\/premium.education\/rs\/wp-content\/uploads\/2025\/09\/high-impact-featured.png","contentUrl":"https:\/\/premium.education\/rs\/wp-content\/uploads\/2025\/09\/high-impact-featured.png","width":1920,"height":1080},{"@type":"BreadcrumbList","@id":"https:\/\/premium.education\/rs\/kurs\/high-impact-performance-management\/#breadcrumb","itemListElement":[{"@type":"ListItem","position":1,"name":"Po\u010detna","item":"https:\/\/premium.education\/rs\/"},{"@type":"ListItem","position":2,"name":"Shop","item":"https:\/\/premium.education\/rs\/shop\/"},{"@type":"ListItem","position":3,"name":"High-Impact Performance Management: Upravljanje radnim u\u010dinkom sa visokim uticajem"}]},{"@type":"WebSite","@id":"https:\/\/premium.education\/rs\/#website","url":"https:\/\/premium.education\/rs\/","name":"Premium Education","description":"","publisher":{"@id":"https:\/\/premium.education\/rs\/#organization"},"potentialAction":[{"@type":"SearchAction","target":{"@type":"EntryPoint","urlTemplate":"https:\/\/premium.education\/rs\/?s={search_term_string}"},"query-input":{"@type":"PropertyValueSpecification","valueRequired":true,"valueName":"search_term_string"}}],"inLanguage":"sr-RS"},{"@type":"Organization","@id":"https:\/\/premium.education\/rs\/#organization","name":"Premium Education","url":"https:\/\/premium.education\/rs\/","logo":{"@type":"ImageObject","inLanguage":"sr-RS","@id":"https:\/\/premium.education\/rs\/#\/schema\/logo\/image\/","url":"https:\/\/premium.education\/rs\/wp-content\/uploads\/2025\/07\/PremiumLogoArt2.png","contentUrl":"https:\/\/premium.education\/rs\/wp-content\/uploads\/2025\/07\/PremiumLogoArt2.png","width":1024,"height":1024,"caption":"Premium Education"},"image":{"@id":"https:\/\/premium.education\/rs\/#\/schema\/logo\/image\/"},"sameAs":["https:\/\/www.facebook.com\/Premium.Education.AO"]}]}},"_links":{"self":[{"href":"https:\/\/premium.education\/rs\/wp-json\/wp\/v2\/product\/3678","targetHints":{"allow":["GET"]}}],"collection":[{"href":"https:\/\/premium.education\/rs\/wp-json\/wp\/v2\/product"}],"about":[{"href":"https:\/\/premium.education\/rs\/wp-json\/wp\/v2\/types\/product"}],"replies":[{"embeddable":true,"href":"https:\/\/premium.education\/rs\/wp-json\/wp\/v2\/comments?post=3678"}],"wp:featuredmedia":[{"embeddable":true,"href":"https:\/\/premium.education\/rs\/wp-json\/wp\/v2\/media\/3677"}],"wp:attachment":[{"href":"https:\/\/premium.education\/rs\/wp-json\/wp\/v2\/media?parent=3678"}],"wp:term":[{"taxonomy":"product_brand","embeddable":true,"href":"https:\/\/premium.education\/rs\/wp-json\/wp\/v2\/product_brand?post=3678"},{"taxonomy":"product_cat","embeddable":true,"href":"https:\/\/premium.education\/rs\/wp-json\/wp\/v2\/product_cat?post=3678"},{"taxonomy":"product_tag","embeddable":true,"href":"https:\/\/premium.education\/rs\/wp-json\/wp\/v2\/product_tag?post=3678"}],"curies":[{"name":"wp","href":"https:\/\/api.w.org\/{rel}","templated":true}]}}